{"id":136,"date":"2021-01-29T01:24:57","date_gmt":"2021-01-29T00:24:57","guid":{"rendered":"https:\/\/landschapszoneveessenwapenveld.nl\/?page_id=136"},"modified":"2023-09-10T10:41:39","modified_gmt":"2023-09-10T09:41:39","slug":"betekenis","status":"publish","type":"page","link":"https:\/\/landschapszoneveessenwapenveld.nl\/index.php\/betekenis\/","title":{"rendered":"Betekenis broedvogels"},"content":{"rendered":"\n<p><\/p>\n\n\n\n<p><strong>Weidevogelgebied of g\u00e9\u00e9n weidevogelgebied?<\/strong><br>Er zijn in 2018 door derden bordjes &#8216;weidevogelbescherming&#8217; opgehangen in bepaalde delen van de Landschapszone. Blijkbaar hadden weidevogelvrijwilligers de intentie hier vogelnesten op te sporen en te beschermen?<\/p>\n\n\n\n<p>De Landschapszone blijkt voor grote soorten weidevogels niet erg aantrekkelijk. Het ophangen van de bordjes was misschien wat voorbarig. Als je je verplaatst in de weidevogels en hun levenswijze is het wel te beredeneren waarom zich geen Kievit, Tureluur of Grutto heeft gevestigd.<\/p>\n\n\n\n<p>De verklaring voor het ontbreken van grote weidevogels is een optelsom van oorzaken. Ten eerste is de Landschapszone over de grootste lengte tamelijk smal, alleen ten zuiden van de Kerkdijk is de zone zo&#8217;n 200 m breed en de lucht &#8216;open&#8217;, vrij van obstakels. Bij een groot deel van de Landschapszone staan de hoogspanningsmasten er pal boven of te dicht in de buurt. Niet bevorderlijk bij de baltsvluchten die de grotere weidevogelsoorten normaal maken. Ook moet niet onderschat worden dat de Westdijk \u00e9\u00e9n groot obstakel is, doordat weidevogels g\u00e9\u00e9n zicht hebben op het omliggende landschap waardoor zij verrast kunnen worden door een eventuele roofvogel.<\/p>\n\n\n\n<p>De vegetatie is tamelijk ruig. In 2018 waren er nog enkele plekken met een zandige, open vegetatie, goed voor de Kievit. De Tureluur komt met enkele broedparen voor, vooral dankzij de ligging aan de Grote Wetering en de poelen van de Landschapszone. Waarschijnlijk was dit al voor de inrichting van de Landschapszone het geval, doordat met name ten zuiden van de Assendorperstraat ten westen van de Groote Wetering nog enkele percelen agrarisch grasland liggen met wat weidevogels. Ten slotte worden er ook in het broedseizoen dagelijks honden uitgelaten in de Landschapszone. Vaak zijn de honden niet eens aangelijnd en doorkruisen zij de graslanden. Daardoor is er meermalen per dag een enorme verstoring, wat niet samengaat met de vestiging van grote weidevogels. In een weidevogelgebied als het Wapenveldsche Broek komt een verstoring door het uitlaten van honden veel minder voor (maar ook d\u00e1\u00e1r).<\/p>\n\n\n\n<p>Afgaande op het nauwelijks voorkomen van Kievit en Tureluur en afwezigheid van de Grutto zou je denken dat de Landschapszone g\u00e9\u00e9n weidevogelgebied is. Echter dit is niet helemaal waar. Ook kleinere vogelsoorten zoals Gele kwikstaart en Graspieper worden aangemerkt als weidevogel en deze komen wel voor.<\/p>\n\n\n\n<figure class=\"wp-block-image size-large\"><img loading=\"lazy\" width=\"1000\" height=\"654\" src=\"https:\/\/landschapszoneveessenwapenveld.nl\/wp-content\/uploads\/2021\/10\/34663654-Zomertaling-17-4-2021-VWLZ-D-Kwakkel-CC-BY-NC-ND.jpg\" alt=\"\" class=\"wp-image-1566\" srcset=\"https:\/\/landschapszoneveessenwapenveld.nl\/wp-content\/uploads\/2021\/10\/34663654-Zomertaling-17-4-2021-VWLZ-D-Kwakkel-CC-BY-NC-ND.jpg 1000w, https:\/\/landschapszoneveessenwapenveld.nl\/wp-content\/uploads\/2021\/10\/34663654-Zomertaling-17-4-2021-VWLZ-D-Kwakkel-CC-BY-NC-ND-300x196.jpg 300w, https:\/\/landschapszoneveessenwapenveld.nl\/wp-content\/uploads\/2021\/10\/34663654-Zomertaling-17-4-2021-VWLZ-D-Kwakkel-CC-BY-NC-ND-768x502.jpg 768w\" sizes=\"(max-width: 1000px) 100vw, 1000px\" \/><figcaption><strong>Zomertaling mannetje, in Grote Wetering nabij gemaal Doornbos. 17-4-2021. Foto: D. Kwakkel. CC-BY-NC-ND.<\/strong><\/figcaption><\/figure>\n\n\n\n<p><\/p>\n","protected":false},"excerpt":{"rendered":"<p>Weidevogelgebied of g\u00e9\u00e9n weidevogelgebied?Er zijn in 2018 door derden bordjes &#8216;weidevogelbescherming&#8217; opgehangen in bepaalde delen van de Landschapszone. Blijkbaar hadden<\/p>\n","protected":false},"author":2,"featured_media":0,"parent":0,"menu_order":0,"comment_status":"closed","ping_status":"closed","template":"","meta":[],"yoast_head":"<!-- This site is optimized with the Yoast SEO plugin v15.7 - https:\/\/yoast.com\/wordpress\/plugins\/seo\/ -->\n<title>Betekenis broedvogels - Landschapszone Veessen-Wapenveld<\/title>\n<meta name=\"robots\" content=\"index, follow, max-snippet:-1, max-image-preview:large, max-video-preview:-1\" \/>\n<link rel=\"canonical\" href=\"https:\/\/landschapszoneveessenwapenveld.nl\/index.php\/betekenis\/\" \/>\n<meta property=\"og:locale\" content=\"nl_NL\" \/>\n<meta property=\"og:type\" content=\"article\" \/>\n<meta property=\"og:title\" content=\"Betekenis broedvogels - Landschapszone Veessen-Wapenveld\" \/>\n<meta property=\"og:description\" content=\"Weidevogelgebied of g\u00e9\u00e9n weidevogelgebied?Er zijn in 2018 door derden bordjes &#8216;weidevogelbescherming&#8217; opgehangen in bepaalde delen van de Landschapszone. Blijkbaar hadden\" \/>\n<meta property=\"og:url\" content=\"https:\/\/landschapszoneveessenwapenveld.nl\/index.php\/betekenis\/\" \/>\n<meta property=\"og:site_name\" content=\"Landschapszone Veessen-Wapenveld\" \/>\n<meta property=\"article:modified_time\" content=\"2023-09-10T09:41:39+00:00\" \/>\n<meta property=\"og:image\" content=\"https:\/\/landschapszoneveessenwapenveld.nl\/wp-content\/uploads\/2021\/10\/34663654-Zomertaling-17-4-2021-VWLZ-D-Kwakkel-CC-BY-NC-ND.jpg\" \/>\n<meta name=\"twitter:card\" content=\"summary_large_image\" \/>\n<meta name=\"twitter:label1\" content=\"Geschatte leestijd\">\n\t<meta name=\"twitter:data1\" content=\"2 minuten\">\n<script type=\"application\/ld+json\" class=\"yoast-schema-graph\">{\"@context\":\"https:\/\/schema.org\",\"@graph\":[{\"@type\":\"WebSite\",\"@id\":\"https:\/\/landschapszoneveessenwapenveld.nl\/#website\",\"url\":\"https:\/\/landschapszoneveessenwapenveld.nl\/\",\"name\":\"Landschapszone Veessen-Wapenveld\",\"description\":\"Over de natuurwaarden van het langste natuurgebied in de gemeente Heerde\",\"potentialAction\":[{\"@type\":\"SearchAction\",\"target\":\"https:\/\/landschapszoneveessenwapenveld.nl\/?s={search_term_string}\",\"query-input\":\"required name=search_term_string\"}],\"inLanguage\":\"nl\"},{\"@type\":\"ImageObject\",\"@id\":\"https:\/\/landschapszoneveessenwapenveld.nl\/index.php\/betekenis\/#primaryimage\",\"inLanguage\":\"nl\",\"url\":\"https:\/\/landschapszoneveessenwapenveld.nl\/wp-content\/uploads\/2021\/10\/34663654-Zomertaling-17-4-2021-VWLZ-D-Kwakkel-CC-BY-NC-ND.jpg\",\"width\":1000,\"height\":654,\"caption\":\"Zomertaling mannetje, in Grote Wetering nabij gemaal Doornbos. 17-4-2021. Foto: D. Kwakkel. CC-BY-NC-ND.\"},{\"@type\":\"WebPage\",\"@id\":\"https:\/\/landschapszoneveessenwapenveld.nl\/index.php\/betekenis\/#webpage\",\"url\":\"https:\/\/landschapszoneveessenwapenveld.nl\/index.php\/betekenis\/\",\"name\":\"Betekenis broedvogels - Landschapszone Veessen-Wapenveld\",\"isPartOf\":{\"@id\":\"https:\/\/landschapszoneveessenwapenveld.nl\/#website\"},\"primaryImageOfPage\":{\"@id\":\"https:\/\/landschapszoneveessenwapenveld.nl\/index.php\/betekenis\/#primaryimage\"},\"datePublished\":\"2021-01-29T00:24:57+00:00\",\"dateModified\":\"2023-09-10T09:41:39+00:00\",\"inLanguage\":\"nl\",\"potentialAction\":[{\"@type\":\"ReadAction\",\"target\":[\"https:\/\/landschapszoneveessenwapenveld.nl\/index.php\/betekenis\/\"]}]}]}<\/script>\n<!-- \/ Yoast SEO plugin. -->","_links":{"self":[{"href":"https:\/\/landschapszoneveessenwapenveld.nl\/index.php\/wp-json\/wp\/v2\/pages\/136"}],"collection":[{"href":"https:\/\/landschapszoneveessenwapenveld.nl\/index.php\/wp-json\/wp\/v2\/pages"}],"about":[{"href":"https:\/\/landschapszoneveessenwapenveld.nl\/index.php\/wp-json\/wp\/v2\/types\/page"}],"author":[{"embeddable":true,"href":"https:\/\/landschapszoneveessenwapenveld.nl\/index.php\/wp-json\/wp\/v2\/users\/2"}],"replies":[{"embeddable":true,"href":"https:\/\/landschapszoneveessenwapenveld.nl\/index.php\/wp-json\/wp\/v2\/comments?post=136"}],"version-history":[{"count":8,"href":"https:\/\/landschapszoneveessenwapenveld.nl\/index.php\/wp-json\/wp\/v2\/pages\/136\/revisions"}],"predecessor-version":[{"id":2940,"href":"https:\/\/landschapszoneveessenwapenveld.nl\/index.php\/wp-json\/wp\/v2\/pages\/136\/revisions\/2940"}],"wp:attachment":[{"href":"https:\/\/landschapszoneveessenwapenveld.nl\/index.php\/wp-json\/wp\/v2\/media?parent=136"}],"curies":[{"name":"wp","href":"https:\/\/api.w.org\/{rel}","templated":true}]}}