{"id":118,"date":"2021-01-29T01:17:57","date_gmt":"2021-01-29T00:17:57","guid":{"rendered":"https:\/\/landschapszoneveessenwapenveld.nl\/?page_id=118"},"modified":"2022-12-10T17:02:42","modified_gmt":"2022-12-10T16:02:42","slug":"zeldzaamheid","status":"publish","type":"page","link":"https:\/\/landschapszoneveessenwapenveld.nl\/index.php\/zeldzaamheid\/","title":{"rendered":"Zeldzame vogels"},"content":{"rendered":"\n<p>De Nederlandse broedvogelsoorten zijn niet allemaal algemeen voorkomend. Dit heeft onder meer te maken met het feit dat sommige soorten weinig eisen stellen aan hun leefgebied en (bijna) overal wel voor kunnen komen. Terwijl andere soorten juist wat meer kieskeurig zijn en een specifiek biotoop vereisen. Veel grote vogels hebben grote leefgebieden en zijn daardoor minder talrijk dan sommige kleine vogels met kleine territoria.<\/p>\n\n\n\n<p>Voor de indeling van de broedvogels naar zeldzaamheid is uitgegaan van de volgende indeling in zeldzaamheidsklassen:<\/p>\n\n\n\n<figure class=\"wp-block-table is-style-stripes\"><table><thead><tr><th class=\"has-text-align-left\" data-align=\"left\">Zeldzaamheids-klasse<br>                                       <\/th><th class=\"has-text-align-center\" data-align=\"center\">Aantal<br>broedparen <br>Nederland<\/th><th>Vogelsoorten<br><br><\/th><\/tr><\/thead><tbody><tr><td class=\"has-text-align-left\" data-align=\"left\">Algemeen<br>(40)<br><\/td><td class=\"has-text-align-center\" data-align=\"center\">&gt; 25.000<br><\/td><td>Grauwe gans, Wilde eend, Waterhoen, Meerkoet, Scholekster, Kievit, Holenduif, Houtduif, Grote bonte specht, Veldleeuwerik, Boerenzwaluw, Graspieper, Gele kwikstaart, Witte kwikstaart, Winterkoning, Heggenmus, Roodborst, Merel, Zanglijster, Rietzanger, Bosrietzanger, Kleine karekiet, Grasmus, Tuinfluiter, Zwartkop, Tjiftjaf, Fitis, Pimpelmees, Koolmees, Boomkruiper, Gaai, Ekster, Kauw, Zwarte kraai, Spreeuw, Vink, Groenling, Putter, Kneu, Rietgors.<\/td><\/tr><tr><td class=\"has-text-align-left\" data-align=\"left\">Vrij zeldzaam<br>(23)<br><\/td><td class=\"has-text-align-center\" data-align=\"center\">2.500-25.000                                  <\/td><td>Fuut, Knobbelzwaan, Grote Canadese gans, Nijlgans, Bergeend, Krakeend, Soepeend, Slobeend, Kuifeend, Sperwer, Buizerd, Torenvalk, Fazant, Waterral, Wulp, Tureluur, Koekoek, Oeverzwaluw, Blauwborst, Roodborsttapuit, Sprinkhaanzanger, Spotvogel, Braamsluiper.<\/td><\/tr><tr><td class=\"has-text-align-left\" data-align=\"left\">Zeldzaam<br>(6)<br><\/td><td class=\"has-text-align-center\" data-align=\"center\">250-2.500<\/td><td>Zomertaling, Boomvalk, Kwartel, Kleine plevier, Watersnip, Ransuil.<\/td><\/tr><tr><td class=\"has-text-align-left\" data-align=\"left\">Zeer zeldzaam<br>(2)<\/td><td class=\"has-text-align-center\" data-align=\"center\">&lt; 250<\/td><td>Porseleinhoen, Paapje.<\/td><\/tr><\/tbody><\/table><figcaption><strong>Indeling broedvogels Landschapszone naar zeldzaamheid<\/strong>.<\/figcaption><\/figure>\n\n\n\n<figure class=\"wp-block-image size-large\"><img loading=\"lazy\" width=\"1000\" height=\"667\" src=\"https:\/\/landschapszoneveessenwapenveld.nl\/wp-content\/uploads\/2022\/12\/26951835-Bosrietzanger-21-5-2020-Veesserwaarden-Matthijs-Bootsma-CC-BY-NC-ND.jpg\" alt=\"\" class=\"wp-image-2595\" srcset=\"https:\/\/landschapszoneveessenwapenveld.nl\/wp-content\/uploads\/2022\/12\/26951835-Bosrietzanger-21-5-2020-Veesserwaarden-Matthijs-Bootsma-CC-BY-NC-ND.jpg 1000w, https:\/\/landschapszoneveessenwapenveld.nl\/wp-content\/uploads\/2022\/12\/26951835-Bosrietzanger-21-5-2020-Veesserwaarden-Matthijs-Bootsma-CC-BY-NC-ND-300x200.jpg 300w, https:\/\/landschapszoneveessenwapenveld.nl\/wp-content\/uploads\/2022\/12\/26951835-Bosrietzanger-21-5-2020-Veesserwaarden-Matthijs-Bootsma-CC-BY-NC-ND-768x512.jpg 768w, https:\/\/landschapszoneveessenwapenveld.nl\/wp-content\/uploads\/2022\/12\/26951835-Bosrietzanger-21-5-2020-Veesserwaarden-Matthijs-Bootsma-CC-BY-NC-ND-120x80.jpg 120w\" sizes=\"(max-width: 1000px) 100vw, 1000px\" \/><figcaption>Bosrietzanger, 21-5-2020. Een algemene broedvogel van de Landschapszone. Veesserwaarden.<br>Foto: Matthijs Bootsma, CC-BY-NC-ND.<\/figcaption><\/figure>\n\n\n\n<p>IN TABELVORM<\/p>\n\n\n\n<figure class=\"wp-block-table is-style-stripes\"><table class=\"has-fixed-layout\"><thead><tr><th class=\"has-text-align-left\" data-align=\"left\">Zeldzaamheids-<br>klasse<br><\/th><th class=\"has-text-align-center\" data-align=\"center\">Aantal<br>soorten<br>2018<\/th><th class=\"has-text-align-center\" data-align=\"center\">Aantal<br>soorten<br>2019<\/th><th class=\"has-text-align-center\" data-align=\"center\">Aantal<br>soorten<br>2020<\/th><th class=\"has-text-align-center\" data-align=\"center\">Trend<br>aantal<br>soorten<\/th><\/tr><\/thead><tbody><tr><td class=\"has-text-align-left\" data-align=\"left\">Algemeen<\/td><td class=\"has-text-align-center\" data-align=\"center\"><\/td><td class=\"has-text-align-center\" data-align=\"center\"><\/td><td class=\"has-text-align-center\" data-align=\"center\"><\/td><td class=\"has-text-align-center\" data-align=\"center\"><\/td><\/tr><tr><td class=\"has-text-align-left\" data-align=\"left\">Vrij zeldzaam<\/td><td class=\"has-text-align-center\" data-align=\"center\"><\/td><td class=\"has-text-align-center\" data-align=\"center\"><\/td><td class=\"has-text-align-center\" data-align=\"center\"><\/td><td class=\"has-text-align-center\" data-align=\"center\"><\/td><\/tr><tr><td class=\"has-text-align-left\" data-align=\"left\">Zeldzaam<\/td><td class=\"has-text-align-center\" data-align=\"center\"><\/td><td class=\"has-text-align-center\" data-align=\"center\"><\/td><td class=\"has-text-align-center\" data-align=\"center\"><\/td><td class=\"has-text-align-center\" data-align=\"center\"><\/td><\/tr><tr><td class=\"has-text-align-left\" data-align=\"left\">Zeer zeldzaam<\/td><td class=\"has-text-align-center\" data-align=\"center\"><\/td><td class=\"has-text-align-center\" data-align=\"center\"><\/td><td class=\"has-text-align-center\" data-align=\"center\"><\/td><td class=\"has-text-align-center\" data-align=\"center\"><\/td><\/tr><\/tbody><tfoot><tr><td class=\"has-text-align-left\" data-align=\"left\"><strong>Totaal soorten<\/strong><\/td><td class=\"has-text-align-center\" data-align=\"center\"><strong>1<\/strong><\/td><td class=\"has-text-align-center\" data-align=\"center\"><strong>1<\/strong><\/td><td class=\"has-text-align-center\" data-align=\"center\"><strong>1<\/strong><\/td><td class=\"has-text-align-center\" data-align=\"center\"><\/td><\/tr><\/tfoot><\/table><figcaption><strong>Aantal soorten broedvogels per jaar per zeldzaamheidsklasse. Periode 2018-2020.<br>Trend &#8211; &#8211; = sterke afname, &#8211; = afname, 0 = stabiel, + = toenamen, ++ = sterke toename.<\/strong><\/figcaption><\/figure>\n\n\n\n<p>IN TABELVORM<\/p>\n\n\n\n<figure class=\"wp-block-table is-style-stripes\"><table class=\"has-fixed-layout\"><thead><tr><th class=\"has-text-align-left\" data-align=\"left\">Zeldzaamheids-klasse<br><\/th><th class=\"has-text-align-center\" data-align=\"center\">Aantal<br>territoria<br>2018<\/th><th class=\"has-text-align-center\" data-align=\"center\">Aantal<br>territoria<br>2019<\/th><th class=\"has-text-align-center\" data-align=\"center\">Aantal<br>territoria<br>2020<\/th><th>Trend<br>aantal<br>territoria<\/th><\/tr><\/thead><tbody><tr><td class=\"has-text-align-left\" data-align=\"left\">Algemeen<\/td><td class=\"has-text-align-center\" data-align=\"center\"><\/td><td class=\"has-text-align-center\" data-align=\"center\"><\/td><td class=\"has-text-align-center\" data-align=\"center\"><\/td><td><\/td><\/tr><tr><td class=\"has-text-align-left\" data-align=\"left\">Vrij zeldzaam<\/td><td class=\"has-text-align-center\" data-align=\"center\"><\/td><td class=\"has-text-align-center\" data-align=\"center\"><\/td><td class=\"has-text-align-center\" data-align=\"center\"><\/td><td><\/td><\/tr><tr><td class=\"has-text-align-left\" data-align=\"left\">Zeldzaam<\/td><td class=\"has-text-align-center\" data-align=\"center\"><\/td><td class=\"has-text-align-center\" data-align=\"center\"><\/td><td class=\"has-text-align-center\" data-align=\"center\"><\/td><td><\/td><\/tr><tr><td class=\"has-text-align-left\" data-align=\"left\">Zeer zeldzaam<\/td><td class=\"has-text-align-center\" data-align=\"center\"><\/td><td class=\"has-text-align-center\" data-align=\"center\"><\/td><td class=\"has-text-align-center\" data-align=\"center\"><\/td><td><\/td><\/tr><\/tbody><tfoot><tr><td class=\"has-text-align-left\" data-align=\"left\"><strong>Totaal territoria<\/strong><\/td><td class=\"has-text-align-center\" data-align=\"center\"><strong>1<\/strong><\/td><td class=\"has-text-align-center\" data-align=\"center\"><strong>1<\/strong><\/td><td class=\"has-text-align-center\" data-align=\"center\"><strong>1<\/strong><\/td><td><\/td><\/tr><\/tfoot><\/table><figcaption><strong>Aantal territoria broedvogels per jaar per zeldzaamheidsklasse. Periode 2018-2020.<br>Trend &#8211; &#8211; = sterke afname, &#8211; = afname, 0 = stabiel, + = toenamen, ++ = sterke toename.<\/strong><\/figcaption><\/figure>\n\n\n\n<p><\/p>\n\n\n\n<p><strong>Algemene vogels<\/strong><br>Tot de algemene vogels behoren: <em>Grauwe gans, Wilde eend, Waterhoen, Meerkoet, Scholekster, Kievit, Holenduif, Houtduif, Grote bonte specht, Veldleeuwerik, Boerenzwaluw, Graspieper, Gele kwikstaart, Witte kwikstaart, Winterkoning, Heggenmus, Roodborst, Merel, Zanglijster, Rietzanger, Bosrietzanger, Kleine karekiet, Grasmus, Tuinfluiter, Zwartkop, Tjiftjaf, Fitis, Pimpelmees, Koolmees, Boomkruiper, Gaai, Ekster, Kauw, Zwarte kraai, Spreeuw, Vink, Groenling, Putter, Kneu, Rietgors.<\/em><br><br>Hieronder wordt de huidige verspreiding van de algemene vogels getoond:<\/p>\n\n\n\n<div class=\"wp-block-columns\">\n<div class=\"wp-block-column\">\n<figure class=\"wp-block-image size-large\"><img loading=\"lazy\" width=\"303\" height=\"1024\" src=\"https:\/\/landschapszoneveessenwapenveld.nl\/wp-content\/uploads\/2021\/11\/heatmap-algemeen-2018-303x1024.png\" alt=\"\" class=\"wp-image-1695\" srcset=\"https:\/\/landschapszoneveessenwapenveld.nl\/wp-content\/uploads\/2021\/11\/heatmap-algemeen-2018-303x1024.png 303w, https:\/\/landschapszoneveessenwapenveld.nl\/wp-content\/uploads\/2021\/11\/heatmap-algemeen-2018-89x300.png 89w\" sizes=\"(max-width: 303px) 100vw, 303px\" \/><figcaption><strong>Algemene vogels 2018<\/strong><\/figcaption><\/figure>\n<\/div>\n\n\n\n<div class=\"wp-block-column\">\n<figure class=\"wp-block-image size-large\"><img loading=\"lazy\" width=\"303\" height=\"1024\" src=\"https:\/\/landschapszoneveessenwapenveld.nl\/wp-content\/uploads\/2021\/11\/heatmap-algemeen-2019-303x1024.png\" alt=\"\" class=\"wp-image-1696\" srcset=\"https:\/\/landschapszoneveessenwapenveld.nl\/wp-content\/uploads\/2021\/11\/heatmap-algemeen-2019-303x1024.png 303w, https:\/\/landschapszoneveessenwapenveld.nl\/wp-content\/uploads\/2021\/11\/heatmap-algemeen-2019-89x300.png 89w\" sizes=\"(max-width: 303px) 100vw, 303px\" \/><figcaption><strong>Algemene vogels 2019<\/strong><\/figcaption><\/figure>\n<\/div>\n\n\n\n<div class=\"wp-block-column\">\n<figure class=\"wp-block-image size-large\"><img loading=\"lazy\" width=\"303\" height=\"1024\" src=\"https:\/\/landschapszoneveessenwapenveld.nl\/wp-content\/uploads\/2021\/11\/heatmap-algemeen-2020-303x1024.png\" alt=\"\" class=\"wp-image-1697\" srcset=\"https:\/\/landschapszoneveessenwapenveld.nl\/wp-content\/uploads\/2021\/11\/heatmap-algemeen-2020-303x1024.png 303w, https:\/\/landschapszoneveessenwapenveld.nl\/wp-content\/uploads\/2021\/11\/heatmap-algemeen-2020-89x300.png 89w\" sizes=\"(max-width: 303px) 100vw, 303px\" \/><figcaption><strong>Algemene vogels 2020<\/strong><\/figcaption><\/figure>\n<\/div>\n<\/div>\n\n\n\n<p><strong>Vrij zeldzame vogels<\/strong><br>Tot de vrij zeldzame vogels behoren: <em>Fuut, Knobbelzwaan, Grote Canadese gans, Nijlgans, Bergeend, Krakeend, Soepeend, Slobeend, Kuifeend, Sperwer, Buizerd, Torenvalk, Fazant, Waterral, Wulp, Tureluur, Koekoek, Oeverzwaluw, Blauwborst, Roodborsttapuit, Sprinkhaanzanger, Spotvogel en Braamsluiper.<\/em><br><br>Hieronder wordt de huidige verspreiding van de vrij zeldzame vogels getoond:<\/p>\n\n\n\n<div class=\"wp-block-columns\">\n<div class=\"wp-block-column\">\n<figure class=\"wp-block-image size-large\"><img loading=\"lazy\" width=\"303\" height=\"1024\" src=\"https:\/\/landschapszoneveessenwapenveld.nl\/wp-content\/uploads\/2021\/11\/heatmap-vrij-zeldzaam-2018-303x1024.png\" alt=\"\" class=\"wp-image-1698\" srcset=\"https:\/\/landschapszoneveessenwapenveld.nl\/wp-content\/uploads\/2021\/11\/heatmap-vrij-zeldzaam-2018-303x1024.png 303w, https:\/\/landschapszoneveessenwapenveld.nl\/wp-content\/uploads\/2021\/11\/heatmap-vrij-zeldzaam-2018-89x300.png 89w\" sizes=\"(max-width: 303px) 100vw, 303px\" \/><figcaption><strong>Vrij zeldzame vogels 2018<\/strong><\/figcaption><\/figure>\n<\/div>\n\n\n\n<div class=\"wp-block-column\">\n<figure class=\"wp-block-image size-large\"><img loading=\"lazy\" width=\"303\" height=\"1024\" src=\"https:\/\/landschapszoneveessenwapenveld.nl\/wp-content\/uploads\/2021\/11\/heatmap-vrij-zeldzaam-2019-303x1024.png\" alt=\"\" class=\"wp-image-1699\" srcset=\"https:\/\/landschapszoneveessenwapenveld.nl\/wp-content\/uploads\/2021\/11\/heatmap-vrij-zeldzaam-2019-303x1024.png 303w, https:\/\/landschapszoneveessenwapenveld.nl\/wp-content\/uploads\/2021\/11\/heatmap-vrij-zeldzaam-2019-89x300.png 89w\" sizes=\"(max-width: 303px) 100vw, 303px\" \/><figcaption><strong>Vrij zeldzame vogels 2019<\/strong><\/figcaption><\/figure>\n<\/div>\n\n\n\n<div class=\"wp-block-column\">\n<figure class=\"wp-block-image size-large\"><img loading=\"lazy\" width=\"303\" height=\"1024\" src=\"https:\/\/landschapszoneveessenwapenveld.nl\/wp-content\/uploads\/2021\/11\/heatmap-vrij-zeldzaam-2020-303x1024.png\" alt=\"\" class=\"wp-image-1700\" srcset=\"https:\/\/landschapszoneveessenwapenveld.nl\/wp-content\/uploads\/2021\/11\/heatmap-vrij-zeldzaam-2020-303x1024.png 303w, https:\/\/landschapszoneveessenwapenveld.nl\/wp-content\/uploads\/2021\/11\/heatmap-vrij-zeldzaam-2020-89x300.png 89w\" sizes=\"(max-width: 303px) 100vw, 303px\" \/><figcaption><strong>Vrij zeldzame vogels 2020<\/strong><\/figcaption><\/figure>\n<\/div>\n<\/div>\n\n\n\n<p><strong>Zeldzame vogels<\/strong><br>Tot de zeldzame vogels behoren: <em>Zomertaling, Boomvalk, Kwartel, Kleine plevier, Watersnip en Paapje. <\/em><br>Het kaartbeeld wordt vooral door de Kleine plevier bepaald en het onregelmatig voorkomen van \u00e9\u00e9n of meer van de andere genoemde vogelsoorten. <\/p>\n\n\n\n<p>Hieronder wordt de huidige verspreiding van de zeldzame vogels getoond:<\/p>\n\n\n\n<div class=\"wp-block-columns\">\n<div class=\"wp-block-column\">\n<figure class=\"wp-block-image size-large\"><img loading=\"lazy\" width=\"303\" height=\"1024\" src=\"https:\/\/landschapszoneveessenwapenveld.nl\/wp-content\/uploads\/2021\/11\/heatmap-zeldzaam-2018-303x1024.png\" alt=\"\" class=\"wp-image-1703\" srcset=\"https:\/\/landschapszoneveessenwapenveld.nl\/wp-content\/uploads\/2021\/11\/heatmap-zeldzaam-2018-303x1024.png 303w, https:\/\/landschapszoneveessenwapenveld.nl\/wp-content\/uploads\/2021\/11\/heatmap-zeldzaam-2018-89x300.png 89w\" sizes=\"(max-width: 303px) 100vw, 303px\" \/><figcaption><strong>Zeldzame vogels 2018<\/strong><\/figcaption><\/figure>\n<\/div>\n\n\n\n<div class=\"wp-block-column\">\n<figure class=\"wp-block-image size-large\"><img loading=\"lazy\" width=\"303\" height=\"1024\" src=\"https:\/\/landschapszoneveessenwapenveld.nl\/wp-content\/uploads\/2021\/11\/heatmap-zeldzaam-2019-303x1024.png\" alt=\"\" class=\"wp-image-1702\" srcset=\"https:\/\/landschapszoneveessenwapenveld.nl\/wp-content\/uploads\/2021\/11\/heatmap-zeldzaam-2019-303x1024.png 303w, https:\/\/landschapszoneveessenwapenveld.nl\/wp-content\/uploads\/2021\/11\/heatmap-zeldzaam-2019-89x300.png 89w\" sizes=\"(max-width: 303px) 100vw, 303px\" \/><figcaption><strong>Zeldzame vogels 2019<\/strong><\/figcaption><\/figure>\n<\/div>\n\n\n\n<div class=\"wp-block-column\">\n<figure class=\"wp-block-image size-large\"><img loading=\"lazy\" width=\"303\" height=\"1024\" src=\"https:\/\/landschapszoneveessenwapenveld.nl\/wp-content\/uploads\/2021\/11\/heatmap-zeldzaam-2020-303x1024.png\" alt=\"\" class=\"wp-image-1704\" srcset=\"https:\/\/landschapszoneveessenwapenveld.nl\/wp-content\/uploads\/2021\/11\/heatmap-zeldzaam-2020-303x1024.png 303w, https:\/\/landschapszoneveessenwapenveld.nl\/wp-content\/uploads\/2021\/11\/heatmap-zeldzaam-2020-89x300.png 89w\" sizes=\"(max-width: 303px) 100vw, 303px\" \/><figcaption><strong>Zeldzame vogels 2020<\/strong><\/figcaption><\/figure>\n<\/div>\n<\/div>\n\n\n\n<figure class=\"wp-block-image size-large\"><img loading=\"lazy\" width=\"800\" height=\"536\" src=\"https:\/\/landschapszoneveessenwapenveld.nl\/wp-content\/uploads\/2022\/12\/9323030-Boomvalk-20-8-2015-Herwin-Looman-Landgoed-Petrea-CC-BY-NC-ND.jpg\" alt=\"\" class=\"wp-image-2599\" srcset=\"https:\/\/landschapszoneveessenwapenveld.nl\/wp-content\/uploads\/2022\/12\/9323030-Boomvalk-20-8-2015-Herwin-Looman-Landgoed-Petrea-CC-BY-NC-ND.jpg 800w, https:\/\/landschapszoneveessenwapenveld.nl\/wp-content\/uploads\/2022\/12\/9323030-Boomvalk-20-8-2015-Herwin-Looman-Landgoed-Petrea-CC-BY-NC-ND-300x201.jpg 300w, https:\/\/landschapszoneveessenwapenveld.nl\/wp-content\/uploads\/2022\/12\/9323030-Boomvalk-20-8-2015-Herwin-Looman-Landgoed-Petrea-CC-BY-NC-ND-768x515.jpg 768w, https:\/\/landschapszoneveessenwapenveld.nl\/wp-content\/uploads\/2022\/12\/9323030-Boomvalk-20-8-2015-Herwin-Looman-Landgoed-Petrea-CC-BY-NC-ND-120x80.jpg 120w\" sizes=\"(max-width: 800px) 100vw, 800px\" \/><figcaption>Jagende Boomvalk, 20-8-2015. Een zeldzame broedvogel van de Landschapszone. <br>Landgoed Petrea. Foto: Herwin Looman CC-BY-NC-ND.<\/figcaption><\/figure>\n\n\n\n<p><strong>Zeer zeldzame vogels<\/strong><br>Tot de zeer zeldzame vogels behoren: <em>Porseleinhoen (180-240 broedparen in Nederland in 2019) en Paapje (200-300 broedparen in Nederland in 2019)<\/em>. In de Landschapszone wordt het kaartbeeld bepaald door \u00e9\u00e9n territorium van het Porseleinhoen (in 2018) en \u00e9\u00e9n territorium van het Paapje (in 2020).<br><br>Hieronder wordt de huidige verspreiding van de zeer zeldzame vogels getoond:<\/p>\n\n\n\n<div class=\"wp-block-columns\">\n<div class=\"wp-block-column\">\n<figure class=\"wp-block-image size-large\"><img loading=\"lazy\" width=\"303\" height=\"1024\" src=\"https:\/\/landschapszoneveessenwapenveld.nl\/wp-content\/uploads\/2021\/11\/heatmap-zeer-zeldzaam-2018-1-303x1024.png\" alt=\"\" class=\"wp-image-1705\" srcset=\"https:\/\/landschapszoneveessenwapenveld.nl\/wp-content\/uploads\/2021\/11\/heatmap-zeer-zeldzaam-2018-1-303x1024.png 303w, https:\/\/landschapszoneveessenwapenveld.nl\/wp-content\/uploads\/2021\/11\/heatmap-zeer-zeldzaam-2018-1-89x300.png 89w\" sizes=\"(max-width: 303px) 100vw, 303px\" \/><figcaption><strong>Zeer zeldzame vogels 2018<\/strong><\/figcaption><\/figure>\n<\/div>\n\n\n\n<div class=\"wp-block-column\">\n<figure class=\"wp-block-image size-large\"><img loading=\"lazy\" width=\"303\" height=\"1024\" src=\"https:\/\/landschapszoneveessenwapenveld.nl\/wp-content\/uploads\/2021\/11\/heatmap-zeer-zeldzaam-2019-303x1024.png\" alt=\"\" class=\"wp-image-1706\" srcset=\"https:\/\/landschapszoneveessenwapenveld.nl\/wp-content\/uploads\/2021\/11\/heatmap-zeer-zeldzaam-2019-303x1024.png 303w, https:\/\/landschapszoneveessenwapenveld.nl\/wp-content\/uploads\/2021\/11\/heatmap-zeer-zeldzaam-2019-89x300.png 89w\" sizes=\"(max-width: 303px) 100vw, 303px\" \/><figcaption><strong>Zeer zeldzame vogels 2019<\/strong><\/figcaption><\/figure>\n<\/div>\n\n\n\n<div class=\"wp-block-column\">\n<figure class=\"wp-block-image size-large\"><img loading=\"lazy\" width=\"303\" height=\"1024\" src=\"https:\/\/landschapszoneveessenwapenveld.nl\/wp-content\/uploads\/2021\/11\/heatmap-zeer-zeldzaam-2020-303x1024.png\" alt=\"\" class=\"wp-image-1707\" srcset=\"https:\/\/landschapszoneveessenwapenveld.nl\/wp-content\/uploads\/2021\/11\/heatmap-zeer-zeldzaam-2020-303x1024.png 303w, https:\/\/landschapszoneveessenwapenveld.nl\/wp-content\/uploads\/2021\/11\/heatmap-zeer-zeldzaam-2020-89x300.png 89w\" sizes=\"(max-width: 303px) 100vw, 303px\" \/><figcaption><strong>Zeer zeldzame vogels 2020<\/strong><\/figcaption><\/figure>\n<\/div>\n<\/div>\n\n\n\n<p><\/p>\n","protected":false},"excerpt":{"rendered":"<p>De Nederlandse broedvogelsoorten zijn niet allemaal algemeen voorkomend. Dit heeft onder meer te maken met het feit dat sommige soorten<\/p>\n","protected":false},"author":2,"featured_media":0,"parent":0,"menu_order":0,"comment_status":"closed","ping_status":"closed","template":"","meta":[],"yoast_head":"<!-- This site is optimized with the Yoast SEO plugin v15.7 - https:\/\/yoast.com\/wordpress\/plugins\/seo\/ -->\n<title>Zeldzame vogels - Landschapszone Veessen-Wapenveld<\/title>\n<meta name=\"robots\" content=\"index, follow, max-snippet:-1, max-image-preview:large, max-video-preview:-1\" \/>\n<link rel=\"canonical\" href=\"https:\/\/landschapszoneveessenwapenveld.nl\/index.php\/zeldzaamheid\/\" \/>\n<meta property=\"og:locale\" content=\"nl_NL\" \/>\n<meta property=\"og:type\" content=\"article\" \/>\n<meta property=\"og:title\" content=\"Zeldzame vogels - Landschapszone Veessen-Wapenveld\" \/>\n<meta property=\"og:description\" content=\"De Nederlandse broedvogelsoorten zijn niet allemaal algemeen voorkomend. Dit heeft onder meer te maken met het feit dat sommige soorten\" \/>\n<meta property=\"og:url\" content=\"https:\/\/landschapszoneveessenwapenveld.nl\/index.php\/zeldzaamheid\/\" \/>\n<meta property=\"og:site_name\" content=\"Landschapszone Veessen-Wapenveld\" \/>\n<meta property=\"article:modified_time\" content=\"2022-12-10T16:02:42+00:00\" \/>\n<meta property=\"og:image\" content=\"https:\/\/landschapszoneveessenwapenveld.nl\/wp-content\/uploads\/2022\/12\/26951835-Bosrietzanger-21-5-2020-Veesserwaarden-Matthijs-Bootsma-CC-BY-NC-ND.jpg\" \/>\n<meta name=\"twitter:card\" content=\"summary_large_image\" \/>\n<meta name=\"twitter:label1\" content=\"Geschatte leestijd\">\n\t<meta name=\"twitter:data1\" content=\"6 minuten\">\n<script type=\"application\/ld+json\" class=\"yoast-schema-graph\">{\"@context\":\"https:\/\/schema.org\",\"@graph\":[{\"@type\":\"WebSite\",\"@id\":\"https:\/\/landschapszoneveessenwapenveld.nl\/#website\",\"url\":\"https:\/\/landschapszoneveessenwapenveld.nl\/\",\"name\":\"Landschapszone Veessen-Wapenveld\",\"description\":\"Over de natuurwaarden van het langste natuurgebied in de gemeente Heerde\",\"potentialAction\":[{\"@type\":\"SearchAction\",\"target\":\"https:\/\/landschapszoneveessenwapenveld.nl\/?s={search_term_string}\",\"query-input\":\"required name=search_term_string\"}],\"inLanguage\":\"nl\"},{\"@type\":\"ImageObject\",\"@id\":\"https:\/\/landschapszoneveessenwapenveld.nl\/index.php\/zeldzaamheid\/#primaryimage\",\"inLanguage\":\"nl\",\"url\":\"https:\/\/landschapszoneveessenwapenveld.nl\/wp-content\/uploads\/2022\/12\/26951835-Bosrietzanger-21-5-2020-Veesserwaarden-Matthijs-Bootsma-CC-BY-NC-ND.jpg\",\"width\":1000,\"height\":667},{\"@type\":\"WebPage\",\"@id\":\"https:\/\/landschapszoneveessenwapenveld.nl\/index.php\/zeldzaamheid\/#webpage\",\"url\":\"https:\/\/landschapszoneveessenwapenveld.nl\/index.php\/zeldzaamheid\/\",\"name\":\"Zeldzame vogels - Landschapszone Veessen-Wapenveld\",\"isPartOf\":{\"@id\":\"https:\/\/landschapszoneveessenwapenveld.nl\/#website\"},\"primaryImageOfPage\":{\"@id\":\"https:\/\/landschapszoneveessenwapenveld.nl\/index.php\/zeldzaamheid\/#primaryimage\"},\"datePublished\":\"2021-01-29T00:17:57+00:00\",\"dateModified\":\"2022-12-10T16:02:42+00:00\",\"inLanguage\":\"nl\",\"potentialAction\":[{\"@type\":\"ReadAction\",\"target\":[\"https:\/\/landschapszoneveessenwapenveld.nl\/index.php\/zeldzaamheid\/\"]}]}]}<\/script>\n<!-- \/ Yoast SEO plugin. -->","_links":{"self":[{"href":"https:\/\/landschapszoneveessenwapenveld.nl\/index.php\/wp-json\/wp\/v2\/pages\/118"}],"collection":[{"href":"https:\/\/landschapszoneveessenwapenveld.nl\/index.php\/wp-json\/wp\/v2\/pages"}],"about":[{"href":"https:\/\/landschapszoneveessenwapenveld.nl\/index.php\/wp-json\/wp\/v2\/types\/page"}],"author":[{"embeddable":true,"href":"https:\/\/landschapszoneveessenwapenveld.nl\/index.php\/wp-json\/wp\/v2\/users\/2"}],"replies":[{"embeddable":true,"href":"https:\/\/landschapszoneveessenwapenveld.nl\/index.php\/wp-json\/wp\/v2\/comments?post=118"}],"version-history":[{"count":20,"href":"https:\/\/landschapszoneveessenwapenveld.nl\/index.php\/wp-json\/wp\/v2\/pages\/118\/revisions"}],"predecessor-version":[{"id":2603,"href":"https:\/\/landschapszoneveessenwapenveld.nl\/index.php\/wp-json\/wp\/v2\/pages\/118\/revisions\/2603"}],"wp:attachment":[{"href":"https:\/\/landschapszoneveessenwapenveld.nl\/index.php\/wp-json\/wp\/v2\/media?parent=118"}],"curies":[{"name":"wp","href":"https:\/\/api.w.org\/{rel}","templated":true}]}}