{"id":1135,"date":"2021-10-10T19:50:44","date_gmt":"2021-10-10T18:50:44","guid":{"rendered":"https:\/\/landschapszoneveessenwapenveld.nl\/?page_id=1135"},"modified":"2021-11-20T17:51:44","modified_gmt":"2021-11-20T16:51:44","slug":"torenvalk","status":"publish","type":"page","link":"https:\/\/landschapszoneveessenwapenveld.nl\/index.php\/torenvalk\/","title":{"rendered":"Torenvalk"},"content":{"rendered":"\n<p>Dit is de verspreiding van de territoria van de Torenvalk in de jaren 2018, 2019 en 2020:<\/p>\n\n\n\n<div class=\"wp-block-columns\">\n<div class=\"wp-block-column\">\n<figure class=\"wp-block-image size-large\"><img loading=\"lazy\" width=\"300\" height=\"872\" src=\"https:\/\/landschapszoneveessenwapenveld.nl\/wp-content\/uploads\/2021\/10\/torenvalk-2018-grootte-75-small.png\" alt=\"\" class=\"wp-image-1136\" srcset=\"https:\/\/landschapszoneveessenwapenveld.nl\/wp-content\/uploads\/2021\/10\/torenvalk-2018-grootte-75-small.png 300w, https:\/\/landschapszoneveessenwapenveld.nl\/wp-content\/uploads\/2021\/10\/torenvalk-2018-grootte-75-small-103x300.png 103w\" sizes=\"(max-width: 300px) 100vw, 300px\" \/><figcaption>Torenvalk 2018<\/figcaption><\/figure>\n<\/div>\n\n\n\n<div class=\"wp-block-column\">\n<figure class=\"wp-block-image size-large is-resized\"><img loading=\"lazy\" src=\"https:\/\/landschapszoneveessenwapenveld.nl\/wp-content\/uploads\/2021\/10\/torenvalk-2019-grootte-75-small.png\" alt=\"\" class=\"wp-image-1137\" width=\"265\" height=\"770\" srcset=\"https:\/\/landschapszoneveessenwapenveld.nl\/wp-content\/uploads\/2021\/10\/torenvalk-2019-grootte-75-small.png 300w, https:\/\/landschapszoneveessenwapenveld.nl\/wp-content\/uploads\/2021\/10\/torenvalk-2019-grootte-75-small-103x300.png 103w\" sizes=\"(max-width: 265px) 100vw, 265px\" \/><figcaption>Torenvalk 2019<\/figcaption><\/figure>\n<\/div>\n\n\n\n<div class=\"wp-block-column\">\n<figure class=\"wp-block-image size-large\"><img loading=\"lazy\" width=\"300\" height=\"872\" src=\"https:\/\/landschapszoneveessenwapenveld.nl\/wp-content\/uploads\/2021\/10\/torenvalk-2020-grootte-75-small.png\" alt=\"\" class=\"wp-image-1138\" srcset=\"https:\/\/landschapszoneveessenwapenveld.nl\/wp-content\/uploads\/2021\/10\/torenvalk-2020-grootte-75-small.png 300w, https:\/\/landschapszoneveessenwapenveld.nl\/wp-content\/uploads\/2021\/10\/torenvalk-2020-grootte-75-small-103x300.png 103w\" sizes=\"(max-width: 300px) 100vw, 300px\" \/><figcaption>Torenvalk 2020<\/figcaption><\/figure>\n<\/div>\n<\/div>\n\n\n\n<figure class=\"wp-block-image size-large\"><img loading=\"lazy\" width=\"1024\" height=\"576\" src=\"https:\/\/landschapszoneveessenwapenveld.nl\/wp-content\/uploads\/2021\/11\/20180511_064704-1024x576.jpg\" alt=\"\" class=\"wp-image-2038\" srcset=\"https:\/\/landschapszoneveessenwapenveld.nl\/wp-content\/uploads\/2021\/11\/20180511_064704-1024x576.jpg 1024w, https:\/\/landschapszoneveessenwapenveld.nl\/wp-content\/uploads\/2021\/11\/20180511_064704-300x169.jpg 300w, https:\/\/landschapszoneveessenwapenveld.nl\/wp-content\/uploads\/2021\/11\/20180511_064704-768x432.jpg 768w, https:\/\/landschapszoneveessenwapenveld.nl\/wp-content\/uploads\/2021\/11\/20180511_064704-1536x864.jpg 1536w, https:\/\/landschapszoneveessenwapenveld.nl\/wp-content\/uploads\/2021\/11\/20180511_064704.jpg 2048w\" sizes=\"(max-width: 1024px) 100vw, 1024px\" \/><figcaption><strong>Op meerdere plaatsen doorkruist het trac\u00e9 hoogspanningsmasten de Landschapszone. Bij de Assendorperstraat broedt op \u00e9\u00e9n van de twee hoogspanningsmasten vooraan op de foto al jaren een paartje Torenvalk op een oud nest van de Zwarte kraai. 11 mei 2018.<\/strong><\/figcaption><\/figure>\n\n\n\n<p><\/p>\n","protected":false},"excerpt":{"rendered":"<p>Dit is de verspreiding van de territoria van de Torenvalk in de jaren 2018, 2019 en 2020:<\/p>\n","protected":false},"author":2,"featured_media":0,"parent":0,"menu_order":0,"comment_status":"closed","ping_status":"closed","template":"","meta":[],"yoast_head":"<!-- This site is optimized with the Yoast SEO plugin v15.7 - https:\/\/yoast.com\/wordpress\/plugins\/seo\/ -->\n<title>Torenvalk - Landschapszone Veessen-Wapenveld<\/title>\n<meta name=\"robots\" content=\"index, follow, max-snippet:-1, max-image-preview:large, max-video-preview:-1\" \/>\n<link rel=\"canonical\" href=\"https:\/\/landschapszoneveessenwapenveld.nl\/index.php\/torenvalk\/\" \/>\n<meta property=\"og:locale\" content=\"nl_NL\" \/>\n<meta property=\"og:type\" content=\"article\" \/>\n<meta property=\"og:title\" content=\"Torenvalk - Landschapszone Veessen-Wapenveld\" \/>\n<meta property=\"og:description\" content=\"Dit is de verspreiding van de territoria van de Torenvalk in de jaren 2018, 2019 en 2020:\" \/>\n<meta property=\"og:url\" content=\"https:\/\/landschapszoneveessenwapenveld.nl\/index.php\/torenvalk\/\" \/>\n<meta property=\"og:site_name\" content=\"Landschapszone Veessen-Wapenveld\" \/>\n<meta property=\"article:modified_time\" content=\"2021-11-20T16:51:44+00:00\" \/>\n<meta property=\"og:image\" content=\"https:\/\/landschapszoneveessenwapenveld.nl\/wp-content\/uploads\/2021\/10\/torenvalk-2018-grootte-75-small.png\" \/>\n<meta name=\"twitter:card\" content=\"summary_large_image\" \/>\n<meta name=\"twitter:label1\" content=\"Geschatte leestijd\">\n\t<meta name=\"twitter:data1\" content=\"2 minuten\">\n<script type=\"application\/ld+json\" class=\"yoast-schema-graph\">{\"@context\":\"https:\/\/schema.org\",\"@graph\":[{\"@type\":\"WebSite\",\"@id\":\"https:\/\/landschapszoneveessenwapenveld.nl\/#website\",\"url\":\"https:\/\/landschapszoneveessenwapenveld.nl\/\",\"name\":\"Landschapszone Veessen-Wapenveld\",\"description\":\"Over de natuurwaarden van het langste natuurgebied in de gemeente Heerde\",\"potentialAction\":[{\"@type\":\"SearchAction\",\"target\":\"https:\/\/landschapszoneveessenwapenveld.nl\/?s={search_term_string}\",\"query-input\":\"required name=search_term_string\"}],\"inLanguage\":\"nl\"},{\"@type\":\"ImageObject\",\"@id\":\"https:\/\/landschapszoneveessenwapenveld.nl\/index.php\/torenvalk\/#primaryimage\",\"inLanguage\":\"nl\",\"url\":\"https:\/\/landschapszoneveessenwapenveld.nl\/wp-content\/uploads\/2021\/10\/torenvalk-2018-grootte-75-small.png\",\"width\":300,\"height\":872},{\"@type\":\"WebPage\",\"@id\":\"https:\/\/landschapszoneveessenwapenveld.nl\/index.php\/torenvalk\/#webpage\",\"url\":\"https:\/\/landschapszoneveessenwapenveld.nl\/index.php\/torenvalk\/\",\"name\":\"Torenvalk - Landschapszone Veessen-Wapenveld\",\"isPartOf\":{\"@id\":\"https:\/\/landschapszoneveessenwapenveld.nl\/#website\"},\"primaryImageOfPage\":{\"@id\":\"https:\/\/landschapszoneveessenwapenveld.nl\/index.php\/torenvalk\/#primaryimage\"},\"datePublished\":\"2021-10-10T18:50:44+00:00\",\"dateModified\":\"2021-11-20T16:51:44+00:00\",\"inLanguage\":\"nl\",\"potentialAction\":[{\"@type\":\"ReadAction\",\"target\":[\"https:\/\/landschapszoneveessenwapenveld.nl\/index.php\/torenvalk\/\"]}]}]}<\/script>\n<!-- \/ Yoast SEO plugin. -->","_links":{"self":[{"href":"https:\/\/landschapszoneveessenwapenveld.nl\/index.php\/wp-json\/wp\/v2\/pages\/1135"}],"collection":[{"href":"https:\/\/landschapszoneveessenwapenveld.nl\/index.php\/wp-json\/wp\/v2\/pages"}],"about":[{"href":"https:\/\/landschapszoneveessenwapenveld.nl\/index.php\/wp-json\/wp\/v2\/types\/page"}],"author":[{"embeddable":true,"href":"https:\/\/landschapszoneveessenwapenveld.nl\/index.php\/wp-json\/wp\/v2\/users\/2"}],"replies":[{"embeddable":true,"href":"https:\/\/landschapszoneveessenwapenveld.nl\/index.php\/wp-json\/wp\/v2\/comments?post=1135"}],"version-history":[{"count":3,"href":"https:\/\/landschapszoneveessenwapenveld.nl\/index.php\/wp-json\/wp\/v2\/pages\/1135\/revisions"}],"predecessor-version":[{"id":2042,"href":"https:\/\/landschapszoneveessenwapenveld.nl\/index.php\/wp-json\/wp\/v2\/pages\/1135\/revisions\/2042"}],"wp:attachment":[{"href":"https:\/\/landschapszoneveessenwapenveld.nl\/index.php\/wp-json\/wp\/v2\/media?parent=1135"}],"curies":[{"name":"wp","href":"https:\/\/api.w.org\/{rel}","templated":true}]}}